{"id":2958,"date":"2021-12-22T21:27:03","date_gmt":"2021-12-22T20:27:03","guid":{"rendered":"https:\/\/hotelchristiania.ch\/?page_id=2958"},"modified":"2024-09-09T12:40:44","modified_gmt":"2024-09-09T10:40:44","slug":"angebote","status":"publish","type":"page","link":"https:\/\/hotelchristiania.ch\/zh\/angebote\/","title":{"rendered":"\u4f18\u60e0"},"content":{"rendered":"<div data-elementor-type=\"wp-page\" data-elementor-id=\"2958\" class=\"elementor elementor-2958\" data-elementor-post-type=\"page\">\n\t\t\t\t\t\t<section class=\"elementor-section elementor-top-section elementor-element elementor-element-368cc7e0 elementor-section-boxed elementor-section-height-default elementor-section-height-default\" data-id=\"368cc7e0\" data-element_type=\"section\" data-e-type=\"section\">\n\t\t\t\t\t\t<div class=\"elementor-container elementor-column-gap-default\">\n\t\t\t\t\t<div class=\"elementor-column elementor-col-100 elementor-top-column elementor-element elementor-element-140102c1\" data-id=\"140102c1\" data-element_type=\"column\" data-e-type=\"column\">\n\t\t\t<div class=\"elementor-widget-wrap elementor-element-populated\">\n\t\t\t\t\t\t<div class=\"elementor-element elementor-element-277aa6fd elementor-widget__width-initial elementor-widget elementor-widget-text-editor\" data-id=\"277aa6fd\" data-element_type=\"widget\" data-e-type=\"widget\" data-widget_type=\"text-editor.default\">\n\t\t\t\t<div class=\"elementor-widget-container\">\n\t\t\t\t\t\t\t\t\t<h1>\u4f18\u60e0<a role=\"button\" style=\"font-size: 16px; font-style: inherit; font-weight: inherit; font-family: &quot;Open Sans&quot;, sans-serif;\"><b>&nbsp;<\/b><\/a><\/h1>\n<p class=\"translation-block\">\u6240\u6709\u7684\u4f18\u60e0\u9002\u7528\u4e8e\u65b0\u7684\u9884\u8ba2\uff0c\u4e0d\u548c\u5176\u5b83\u6298\u6263\u548c\u4fc3\u9500\u6d3b\u52a8\u7d2f\u79ef\u3002\u4ef7\u683c\u7edd\u5bf9\u662f\u6307\u5b9a\u623f\u95f4\u7c7b\u522b\u4e2d\u53ef\u80fd\u7684\u6700\u4f4e\u4ef7\u683c\u3002\u5e73\u65f6\u6b64\u4ef7\u683c\u65e0\u6743\u4eab\u53d7\uff0c\u56e0\u4e3a\u6211\u4eec\u7684\u4ef7\u683c\u6bcf\u5929\u90fd\u4f1a\u6839\u636e\u5e02\u573a\u60c5\u51b5\u8fdb\u884c\u8c03\u6574\u3002\u4ef7\u683c\u9ad8\u4e9b\u7684\u53cc\u4eba\u623f\u548c\u5bb6\u5ead\u5957\u623f\u548c\u5176\u5b83\u4f4f\u623f\uff0c\u76f4\u63a5\u6309\u7f51\u4e0a\u9884\u8ba2\u4ef7\u683c\u7ed3\u7b97\u3002\u9664\u975e\u5728\u6211\u4eec\u7684AGB\u4e0a\u53e6\u6709\u8bf4\u660e\u7279\u6b8a\u4f18\u60e0\uff0c\u4e0d\u5305\u6db5\u5728\u5185\u7684\u6d88\u8d39\u652f\u4ed8\u662f\u4e0d\u53ef\u80fd\u7684\u3002<\/p><\/div><\/div><\/div><\/div><\/div><\/section><\/div> &hellip;<p class=\"ast-the-content-more-link\"> <a class=\"\" href=\"https:\/\/hotelchristiania.ch\/zh\/angebote\/\"> <span class=\"screen-reader-text\">\u4f18\u60e0<\/span>\u67e5\u770b\u5168\u6587 &raquo;<\/a><\/p>","protected":false},"excerpt":{"rendered":"<p>Angebote&nbsp; Alle Angebot gelten nur f\u00fcr Neubuchungen und sind nicht kumulierbar mit anderen Rabatten oder Aktionen. Die Preise sind als &#8222;ab Preise&#8220; definiert und verstehen sich als tiefst m\u00f6glicher Preis pro Person in der angegebenen Zimmerkategorie. Es besteht kein Anspruch auf diesen Preis, da unsere Preise t\u00e4glich den Marktverh\u00e4ltnissen angepasst werden. Preise f\u00fcr h\u00f6here Kategorien, [&hellip;]<\/p>\n","protected":false},"author":9,"featured_media":0,"parent":0,"menu_order":0,"comment_status":"closed","ping_status":"closed","template":"","meta":{"_acf_changed":false,"site-sidebar-layout":"no-sidebar","site-content-layout":"page-builder","ast-site-content-layout":"full-width-container","site-content-style":"unboxed","site-sidebar-style":"unboxed","ast-global-header-display":"","ast-banner-title-visibility":"","ast-main-header-display":"","ast-hfb-above-header-display":"","ast-hfb-below-header-display":"","ast-hfb-mobile-header-display":"","site-post-title":"disabled","ast-breadcrumbs-content":"","ast-featured-img":"disabled","footer-sml-layout":"","ast-disable-related-posts":"","theme-transparent-header-meta":"default","adv-header-id-meta":"","stick-header-meta":"","header-above-stick-meta":"","header-main-stick-meta":"","header-below-stick-meta":"","astra-migrate-meta-layouts":"set","ast-page-background-enabled":"default","ast-page-background-meta":{"desktop":{"background-color":"","background-image":"","background-repeat":"repeat","background-position":"center center","background-size":"auto","background-attachment":"scroll","background-type":"","background-media":"","overlay-type":"","overlay-color":"","overlay-opacity":"","overlay-gradient":""},"tablet":{"background-color":"","background-image":"","background-repeat":"repeat","background-position":"center center","background-size":"auto","background-attachment":"scroll","background-type":"","background-media":"","overlay-type":"","overlay-color":"","overlay-opacity":"","overlay-gradient":""},"mobile":{"background-color":"","background-image":"","background-repeat":"repeat","background-position":"center center","background-size":"auto","background-attachment":"scroll","background-type":"","background-media":"","overlay-type":"","overlay-color":"","overlay-opacity":"","overlay-gradient":""}},"ast-content-background-meta":{"desktop":{"background-color":"var(--ast-global-color-5)","background-image":"","background-repeat":"repeat","background-position":"center center","background-size":"auto","background-attachment":"scroll","background-type":"","background-media":"","overlay-type":"","overlay-color":"","overlay-opacity":"","overlay-gradient":""},"tablet":{"background-color":"var(--ast-global-color-5)","background-image":"","background-repeat":"repeat","background-position":"center center","background-size":"auto","background-attachment":"scroll","background-type":"","background-media":"","overlay-type":"","overlay-color":"","overlay-opacity":"","overlay-gradient":""},"mobile":{"background-color":"var(--ast-global-color-5)","background-image":"","background-repeat":"repeat","background-position":"center center","background-size":"auto","background-attachment":"scroll","background-type":"","background-media":"","overlay-type":"","overlay-color":"","overlay-opacity":"","overlay-gradient":""}},"footnotes":""},"class_list":["post-2958","page","type-page","status-publish","hentry"],"acf":[],"yoast_head":"<!-- This site is optimized with the Yoast SEO plugin v27.1.1 - https:\/\/yoast.com\/product\/yoast-seo-wordpress\/ -->\n<title>Angebote - Hotel Christiania<\/title>\n<meta name=\"description\" content=\"Spezialangebot, Schn\u00e4ppchen, Top - Secrets und vieles mehr. Hier findest du g\u00fcnstige Angebote und tolle Inklusiv-Leistungen.\" \/>\n<meta name=\"robots\" content=\"index, follow, max-snippet:-1, max-image-preview:large, max-video-preview:-1\" \/>\n<link rel=\"canonical\" href=\"https:\/\/hotelchristiania.ch\/zh\/angebote\/\" \/>\n<meta property=\"og:locale\" content=\"zh_CN\" \/>\n<meta property=\"og:type\" content=\"article\" \/>\n<meta property=\"og:title\" content=\"Angebote - Hotel Christiania\" \/>\n<meta property=\"og:description\" content=\"Spezialangebot, Schn\u00e4ppchen, Top - Secrets und vieles mehr. Hier findest du g\u00fcnstige Angebote und tolle Inklusiv-Leistungen.\" \/>\n<meta property=\"og:url\" content=\"https:\/\/hotelchristiania.ch\/zh\/angebote\/\" \/>\n<meta property=\"og:site_name\" content=\"Hotel Christiania\" \/>\n<meta property=\"article:modified_time\" content=\"2024-09-09T10:40:44+00:00\" \/>\n<meta name=\"twitter:card\" content=\"summary_large_image\" \/>\n<meta name=\"twitter:label1\" content=\"\u9884\u8ba1\u9605\u8bfb\u65f6\u95f4\" \/>\n\t<meta name=\"twitter:data1\" content=\"1 \u5206\" \/>\n<script type=\"application\/ld+json\" class=\"yoast-schema-graph\">{\"@context\":\"https:\/\/schema.org\",\"@graph\":[{\"@type\":\"WebPage\",\"@id\":\"https:\/\/hotelchristiania.ch\/angebote\/\",\"url\":\"https:\/\/hotelchristiania.ch\/angebote\/\",\"name\":\"Angebote - Hotel Christiania\",\"isPartOf\":{\"@id\":\"https:\/\/hotelchristiania.ch\/#website\"},\"datePublished\":\"2021-12-22T20:27:03+00:00\",\"dateModified\":\"2024-09-09T10:40:44+00:00\",\"description\":\"Spezialangebot, Schn\u00e4ppchen, Top - Secrets und vieles mehr. Hier findest du g\u00fcnstige Angebote und tolle Inklusiv-Leistungen.\",\"breadcrumb\":{\"@id\":\"https:\/\/hotelchristiania.ch\/angebote\/#breadcrumb\"},\"inLanguage\":\"zh-Hans\",\"potentialAction\":[{\"@type\":\"ReadAction\",\"target\":[\"https:\/\/hotelchristiania.ch\/angebote\/\"]}]},{\"@type\":\"BreadcrumbList\",\"@id\":\"https:\/\/hotelchristiania.ch\/angebote\/#breadcrumb\",\"itemListElement\":[{\"@type\":\"ListItem\",\"position\":1,\"name\":\"Home\",\"item\":\"https:\/\/hotelchristiania.ch\/\"},{\"@type\":\"ListItem\",\"position\":2,\"name\":\"Angebote\"}]},{\"@type\":\"WebSite\",\"@id\":\"https:\/\/hotelchristiania.ch\/#website\",\"url\":\"https:\/\/hotelchristiania.ch\/\",\"name\":\"Hotel Christiania\",\"description\":\"Saas-Fee\",\"publisher\":{\"@id\":\"https:\/\/hotelchristiania.ch\/#organization\"},\"potentialAction\":[{\"@type\":\"SearchAction\",\"target\":{\"@type\":\"EntryPoint\",\"urlTemplate\":\"https:\/\/hotelchristiania.ch\/?s={search_term_string}\"},\"query-input\":{\"@type\":\"PropertyValueSpecification\",\"valueRequired\":true,\"valueName\":\"search_term_string\"}}],\"inLanguage\":\"zh-Hans\"},{\"@type\":\"Organization\",\"@id\":\"https:\/\/hotelchristiania.ch\/#organization\",\"name\":\"Hotel Christiania\",\"url\":\"https:\/\/hotelchristiania.ch\/\",\"logo\":{\"@type\":\"ImageObject\",\"inLanguage\":\"zh-Hans\",\"@id\":\"https:\/\/hotelchristiania.ch\/#\/schema\/logo\/image\/\",\"url\":\"https:\/\/hotelchristiania.ch\/wp-content\/uploads\/2021\/05\/Mittelallalin-April-\u00a9SaastalTourismusAG-AmarcsterMedia-scaled.jpg\",\"contentUrl\":\"https:\/\/hotelchristiania.ch\/wp-content\/uploads\/2021\/05\/Mittelallalin-April-\u00a9SaastalTourismusAG-AmarcsterMedia-scaled.jpg\",\"width\":2560,\"height\":1707,\"caption\":\"Hotel Christiania\"},\"image\":{\"@id\":\"https:\/\/hotelchristiania.ch\/#\/schema\/logo\/image\/\"}}]}<\/script>\n<!-- \/ Yoast SEO plugin. -->","yoast_head_json":{"title":"Angebote - Hotel Christiania","description":"Spezialangebot, Schn\u00e4ppchen, Top - Secrets und vieles mehr. Hier findest du g\u00fcnstige Angebote und tolle Inklusiv-Leistungen.","robots":{"index":"index","follow":"follow","max-snippet":"max-snippet:-1","max-image-preview":"max-image-preview:large","max-video-preview":"max-video-preview:-1"},"canonical":"https:\/\/hotelchristiania.ch\/zh\/angebote\/","og_locale":"zh_CN","og_type":"article","og_title":"Angebote - Hotel Christiania","og_description":"Spezialangebot, Schn\u00e4ppchen, Top - Secrets und vieles mehr. Hier findest du g\u00fcnstige Angebote und tolle Inklusiv-Leistungen.","og_url":"https:\/\/hotelchristiania.ch\/zh\/angebote\/","og_site_name":"Hotel Christiania","article_modified_time":"2024-09-09T10:40:44+00:00","twitter_card":"summary_large_image","twitter_misc":{"\u9884\u8ba1\u9605\u8bfb\u65f6\u95f4":"1 \u5206"},"schema":{"@context":"https:\/\/schema.org","@graph":[{"@type":"WebPage","@id":"https:\/\/hotelchristiania.ch\/angebote\/","url":"https:\/\/hotelchristiania.ch\/angebote\/","name":"Angebote - Hotel Christiania","isPartOf":{"@id":"https:\/\/hotelchristiania.ch\/#website"},"datePublished":"2021-12-22T20:27:03+00:00","dateModified":"2024-09-09T10:40:44+00:00","description":"Spezialangebot, Schn\u00e4ppchen, Top - Secrets und vieles mehr. Hier findest du g\u00fcnstige Angebote und tolle Inklusiv-Leistungen.","breadcrumb":{"@id":"https:\/\/hotelchristiania.ch\/angebote\/#breadcrumb"},"inLanguage":"zh-Hans","potentialAction":[{"@type":"ReadAction","target":["https:\/\/hotelchristiania.ch\/angebote\/"]}]},{"@type":"BreadcrumbList","@id":"https:\/\/hotelchristiania.ch\/angebote\/#breadcrumb","itemListElement":[{"@type":"ListItem","position":1,"name":"Home","item":"https:\/\/hotelchristiania.ch\/"},{"@type":"ListItem","position":2,"name":"Angebote"}]},{"@type":"WebSite","@id":"https:\/\/hotelchristiania.ch\/#website","url":"https:\/\/hotelchristiania.ch\/","name":"\u514b\u91cc\u65af\u8482\u9152\u5e97","description":"Saas-Fee","publisher":{"@id":"https:\/\/hotelchristiania.ch\/#organization"},"potentialAction":[{"@type":"SearchAction","target":{"@type":"EntryPoint","urlTemplate":"https:\/\/hotelchristiania.ch\/?s={search_term_string}"},"query-input":{"@type":"PropertyValueSpecification","valueRequired":true,"valueName":"search_term_string"}}],"inLanguage":"zh-Hans"},{"@type":"Organization","@id":"https:\/\/hotelchristiania.ch\/#organization","name":"\u514b\u91cc\u65af\u8482\u9152\u5e97","url":"https:\/\/hotelchristiania.ch\/","logo":{"@type":"ImageObject","inLanguage":"zh-Hans","@id":"https:\/\/hotelchristiania.ch\/#\/schema\/logo\/image\/","url":"https:\/\/hotelchristiania.ch\/wp-content\/uploads\/2021\/05\/Mittelallalin-April-\u00a9SaastalTourismusAG-AmarcsterMedia-scaled.jpg","contentUrl":"https:\/\/hotelchristiania.ch\/wp-content\/uploads\/2021\/05\/Mittelallalin-April-\u00a9SaastalTourismusAG-AmarcsterMedia-scaled.jpg","width":2560,"height":1707,"caption":"Hotel Christiania"},"image":{"@id":"https:\/\/hotelchristiania.ch\/#\/schema\/logo\/image\/"}}]}},"_links":{"self":[{"href":"https:\/\/hotelchristiania.ch\/zh\/wp-json\/wp\/v2\/pages\/2958","targetHints":{"allow":["GET"]}}],"collection":[{"href":"https:\/\/hotelchristiania.ch\/zh\/wp-json\/wp\/v2\/pages"}],"about":[{"href":"https:\/\/hotelchristiania.ch\/zh\/wp-json\/wp\/v2\/types\/page"}],"author":[{"embeddable":true,"href":"https:\/\/hotelchristiania.ch\/zh\/wp-json\/wp\/v2\/users\/9"}],"replies":[{"embeddable":true,"href":"https:\/\/hotelchristiania.ch\/zh\/wp-json\/wp\/v2\/comments?post=2958"}],"version-history":[{"count":170,"href":"https:\/\/hotelchristiania.ch\/zh\/wp-json\/wp\/v2\/pages\/2958\/revisions"}],"predecessor-version":[{"id":4332,"href":"https:\/\/hotelchristiania.ch\/zh\/wp-json\/wp\/v2\/pages\/2958\/revisions\/4332"}],"wp:attachment":[{"href":"https:\/\/hotelchristiania.ch\/zh\/wp-json\/wp\/v2\/media?parent=2958"}],"curies":[{"name":"wp","href":"https:\/\/api.w.org\/{rel}","templated":true}]}}