{"id":2890,"date":"2021-12-15T16:39:33","date_gmt":"2021-12-15T15:39:33","guid":{"rendered":"https:\/\/hotelchristiania.ch\/?page_id=2890"},"modified":"2023-11-22T13:57:39","modified_gmt":"2023-11-22T12:57:39","slug":"fruehstueck","status":"publish","type":"page","link":"https:\/\/hotelchristiania.ch\/zh\/fruehstueck\/","title":{"rendered":"Fr\u00fchst\u00fcck"},"content":{"rendered":"\t\t<div data-elementor-type=\"wp-page\" data-elementor-id=\"2890\" class=\"elementor elementor-2890\" data-elementor-post-type=\"page\">\n\t\t\t\t\t\t<section class=\"elementor-section elementor-top-section elementor-element elementor-element-56f4989f elementor-section-boxed elementor-section-height-default elementor-section-height-default\" data-id=\"56f4989f\" data-element_type=\"section\" data-e-type=\"section\" data-settings=\"{&quot;background_background&quot;:&quot;classic&quot;,&quot;sticky&quot;:&quot;top&quot;,&quot;sticky_offset&quot;:100,&quot;sticky_offset_mobile&quot;:70,&quot;sticky_on&quot;:[&quot;desktop&quot;,&quot;tablet&quot;,&quot;mobile&quot;],&quot;sticky_effects_offset&quot;:0,&quot;sticky_anchor_link_offset&quot;:0}\">\n\t\t\t\t\t\t<div class=\"elementor-container elementor-column-gap-default\">\n\t\t\t\t\t<div class=\"elementor-column elementor-col-100 elementor-top-column elementor-element elementor-element-7a4b103b\" data-id=\"7a4b103b\" data-element_type=\"column\" data-e-type=\"column\">\n\t\t\t<div class=\"elementor-widget-wrap elementor-element-populated\">\n\t\t\t\t\t\t<div class=\"elementor-element elementor-element-7ff060b2 elementor-widget elementor-widget-breadcrumbs\" data-id=\"7ff060b2\" data-element_type=\"widget\" data-e-type=\"widget\" data-widget_type=\"breadcrumbs.default\">\n\t\t\t\t<div class=\"elementor-widget-container\">\n\t\t\t\t\t<p id=\"breadcrumbs\"><span><span><a href=\"https:\/\/hotelchristiania.ch\/\">Home<\/a><\/span><\/span><\/p>\t\t\t\t<\/div>\n\t\t\t\t<\/div>\n\t\t\t\t\t<\/div>\n\t\t<\/div>\n\t\t\t\t\t<\/div>\n\t\t<\/section>\n\t\t\t\t<section class=\"elementor-section elementor-top-section elementor-element elementor-element-23214b2c elementor-section-boxed elementor-section-height-default elementor-section-height-default\" data-id=\"23214b2c\" data-element_type=\"section\" data-e-type=\"section\">\n\t\t\t\t\t\t<div class=\"elementor-container elementor-column-gap-default\">\n\t\t\t\t\t<div class=\"elementor-column elementor-col-100 elementor-top-column elementor-element elementor-element-114626d6\" data-id=\"114626d6\" data-element_type=\"column\" data-e-type=\"column\">\n\t\t\t<div class=\"elementor-widget-wrap elementor-element-populated\">\n\t\t\t\t\t\t<div class=\"elementor-element elementor-element-8c8a5b1 elementor-widget elementor-widget-heading\" data-id=\"8c8a5b1\" data-element_type=\"widget\" data-e-type=\"widget\" data-widget_type=\"heading.default\">\n\t\t\t\t<div class=\"elementor-widget-container\">\n\t\t\t\t\t<h1 class=\"elementor-heading-title elementor-size-default\">Fr\u00fchst\u00fccksbuffet<\/h1>\t\t\t\t<\/div>\n\t\t\t\t<\/div>\n\t\t\t\t<div class=\"elementor-element elementor-element-196805db elementor-widget elementor-widget-text-editor\" data-id=\"196805db\" data-element_type=\"widget\" data-e-type=\"widget\" data-widget_type=\"text-editor.default\">\n\t\t\t\t<div class=\"elementor-widget-container\">\n\t\t\t\t\t\t\t\t\t<p>Unbestritten, das Fr\u00fchst\u00fcck ist die wichtigste Mahlzeit am Tag. Daher legen wir grossen Wert auf ein reichhaltiges und ausgewogenes Fr\u00fchst\u00fccksbuffet. Die Produkte beziehen wir gr\u00f6sstenteils von unseren bekannten und lokalen Lieferanten.<\/p>\t\t\t\t\t\t\t\t<\/div>\n\t\t\t\t<\/div>\n\t\t\t\t\t<\/div>\n\t\t<\/div>\n\t\t\t\t\t<\/div>\n\t\t<\/section>\n\t\t\t\t<section class=\"elementor-section elementor-top-section elementor-element elementor-element-b8fbebd elementor-section-boxed elementor-section-height-default elementor-section-height-default\" data-id=\"b8fbebd\" data-element_type=\"section\" data-e-type=\"section\">\n\t\t\t\t\t\t<div class=\"elementor-container elementor-column-gap-default\">\n\t\t\t\t\t<div class=\"elementor-column elementor-col-50 elementor-top-column elementor-element elementor-element-429e449\" data-id=\"429e449\" data-element_type=\"column\" data-e-type=\"column\">\n\t\t\t<div class=\"elementor-widget-wrap elementor-element-populated\">\n\t\t\t\t\t\t<div class=\"elementor-element elementor-element-4c138ae elementor-widget elementor-widget-image\" data-id=\"4c138ae\" data-element_type=\"widget\" data-e-type=\"widget\" data-widget_type=\"image.default\">\n\t\t\t\t<div class=\"elementor-widget-container\">\n\t\t\t\t\t\t\t\t\t\t\t\t\t\t\t<img fetchpriority=\"high\" decoding=\"async\" width=\"1024\" height=\"683\" src=\"https:\/\/hotelchristiania.ch\/wp-content\/uploads\/2023\/06\/18.-April-2023_Hotel-Christiania-Fruehstueck_\u00a9Frederik-Kalbermatten_053-1024x683.jpg\" class=\"attachment-large size-large wp-image-3785\" alt=\"\" srcset=\"https:\/\/hotelchristiania.ch\/wp-content\/uploads\/2023\/06\/18.-April-2023_Hotel-Christiania-Fruehstueck_\u00a9Frederik-Kalbermatten_053-1024x683.jpg 1024w, https:\/\/hotelchristiania.ch\/wp-content\/uploads\/2023\/06\/18.-April-2023_Hotel-Christiania-Fruehstueck_\u00a9Frederik-Kalbermatten_053-300x200.jpg 300w, https:\/\/hotelchristiania.ch\/wp-content\/uploads\/2023\/06\/18.-April-2023_Hotel-Christiania-Fruehstueck_\u00a9Frederik-Kalbermatten_053-768x512.jpg 768w, https:\/\/hotelchristiania.ch\/wp-content\/uploads\/2023\/06\/18.-April-2023_Hotel-Christiania-Fruehstueck_\u00a9Frederik-Kalbermatten_053-1536x1024.jpg 1536w, https:\/\/hotelchristiania.ch\/wp-content\/uploads\/2023\/06\/18.-April-2023_Hotel-Christiania-Fruehstueck_\u00a9Frederik-Kalbermatten_053-2048x1365.jpg 2048w, https:\/\/hotelchristiania.ch\/wp-content\/uploads\/2023\/06\/18.-April-2023_Hotel-Christiania-Fruehstueck_\u00a9Frederik-Kalbermatten_053-18x12.jpg 18w\" sizes=\"(max-width: 1024px) 100vw, 1024px\" \/>\t\t\t\t\t\t\t\t\t\t\t\t\t\t\t<\/div>\n\t\t\t\t<\/div>\n\t\t\t\t\t<\/div>\n\t\t<\/div>\n\t\t\t\t<div class=\"elementor-column elementor-col-50 elementor-top-column elementor-element elementor-element-f42cde1\" data-id=\"f42cde1\" data-element_type=\"column\" data-e-type=\"column\">\n\t\t\t<div class=\"elementor-widget-wrap elementor-element-populated\">\n\t\t\t\t\t\t<div class=\"elementor-element elementor-element-cfd86af elementor-widget elementor-widget-text-editor\" data-id=\"cfd86af\" data-element_type=\"widget\" data-e-type=\"widget\" data-widget_type=\"text-editor.default\">\n\t\t\t\t<div class=\"elementor-widget-container\">\n\t\t\t\t\t\t\t\t\t<p>Unser Fr\u00fchst\u00fcck servieren wir Dir in unserem Restaurant im ersten Stock.&nbsp; Im Winter ab 07:30 Uhr bis 10:30 ist das Buffet f\u00fcr dich aufgebaut. Wenn Du ausnahmsweise nicht bei uns schl\u00e4fst &#8211; kein Problem. Auch externen G\u00e4sten steht unser Buffet zur Verf\u00fcgung.<\/p>\n<p><strong>\u00d6ffnungszeiten<\/strong><\/p>\n<p>T\u00e4glich 07:30 bis 10:30 Uhr<\/p>\n<p><strong>Preise:<\/strong><\/p>\n<p>Erwachsene CHF 18.00<\/p>\n<p>Kinder 6-12 Jahre CHF 9.00<\/p>\t\t\t\t\t\t\t\t<\/div>\n\t\t\t\t<\/div>\n\t\t\t\t\t<\/div>\n\t\t<\/div>\n\t\t\t\t\t<\/div>\n\t\t<\/section>\n\t\t\t\t<section class=\"elementor-section elementor-top-section elementor-element elementor-element-35e374e elementor-section-boxed elementor-section-height-default elementor-section-height-default\" data-id=\"35e374e\" data-element_type=\"section\" data-e-type=\"section\">\n\t\t\t\t\t\t<div class=\"elementor-container elementor-column-gap-default\">\n\t\t\t\t\t<div class=\"elementor-column elementor-col-50 elementor-top-column elementor-element elementor-element-c211e17\" data-id=\"c211e17\" data-element_type=\"column\" data-e-type=\"column\">\n\t\t\t<div class=\"elementor-widget-wrap elementor-element-populated\">\n\t\t\t\t\t\t<div class=\"elementor-element elementor-element-8c36e4f elementor-widget elementor-widget-text-editor\" data-id=\"8c36e4f\" data-element_type=\"widget\" data-e-type=\"widget\" data-widget_type=\"text-editor.default\">\n\t\t\t\t<div class=\"elementor-widget-container\">\n\t\t\t\t\t\t\t\t\t<p>Neben tollen Produkten sticht auch die fantastische Aussicht sofort in&#8217;s Auge. Die Saaser 4000er der Mischabelkette und der Hausberg Allalin sowie das Mittaghorn kannst du schon von hier aus bestaunen. So kannst du dein Tag noch besser planen. Apropos planen &#8211; wir helfen dir gerne dein Tag zu ganz was besonderem zu machen. Wir kennen uns hier bestens aus und geben dir gerne Tips und Empfehlungen.\u00a0<\/p>\t\t\t\t\t\t\t\t<\/div>\n\t\t\t\t<\/div>\n\t\t\t\t\t<\/div>\n\t\t<\/div>\n\t\t\t\t<div class=\"elementor-column elementor-col-50 elementor-top-column elementor-element elementor-element-3306bb8\" data-id=\"3306bb8\" data-element_type=\"column\" data-e-type=\"column\">\n\t\t\t<div class=\"elementor-widget-wrap elementor-element-populated\">\n\t\t\t\t\t\t<div class=\"elementor-element elementor-element-2c243d2 elementor-widget elementor-widget-image\" data-id=\"2c243d2\" data-element_type=\"widget\" data-e-type=\"widget\" data-widget_type=\"image.default\">\n\t\t\t\t<div class=\"elementor-widget-container\">\n\t\t\t\t\t\t\t\t\t\t\t\t\t\t\t<img decoding=\"async\" width=\"1024\" height=\"683\" src=\"https:\/\/hotelchristiania.ch\/wp-content\/uploads\/2023\/06\/18.-April-2023_Hotel-Christiania-Fruehstueck_\u00a9Frederik-Kalbermatten_079-1024x683.jpg\" class=\"attachment-large size-large wp-image-3832\" alt=\"\" srcset=\"https:\/\/hotelchristiania.ch\/wp-content\/uploads\/2023\/06\/18.-April-2023_Hotel-Christiania-Fruehstueck_\u00a9Frederik-Kalbermatten_079-1024x683.jpg 1024w, https:\/\/hotelchristiania.ch\/wp-content\/uploads\/2023\/06\/18.-April-2023_Hotel-Christiania-Fruehstueck_\u00a9Frederik-Kalbermatten_079-300x200.jpg 300w, https:\/\/hotelchristiania.ch\/wp-content\/uploads\/2023\/06\/18.-April-2023_Hotel-Christiania-Fruehstueck_\u00a9Frederik-Kalbermatten_079-768x512.jpg 768w, https:\/\/hotelchristiania.ch\/wp-content\/uploads\/2023\/06\/18.-April-2023_Hotel-Christiania-Fruehstueck_\u00a9Frederik-Kalbermatten_079-1536x1024.jpg 1536w, https:\/\/hotelchristiania.ch\/wp-content\/uploads\/2023\/06\/18.-April-2023_Hotel-Christiania-Fruehstueck_\u00a9Frederik-Kalbermatten_079-2048x1365.jpg 2048w, https:\/\/hotelchristiania.ch\/wp-content\/uploads\/2023\/06\/18.-April-2023_Hotel-Christiania-Fruehstueck_\u00a9Frederik-Kalbermatten_079-18x12.jpg 18w\" sizes=\"(max-width: 1024px) 100vw, 1024px\" \/>\t\t\t\t\t\t\t\t\t\t\t\t\t\t\t<\/div>\n\t\t\t\t<\/div>\n\t\t\t\t\t<\/div>\n\t\t<\/div>\n\t\t\t\t\t<\/div>\n\t\t<\/section>\n\t\t\t\t<\/div>\n\t\t","protected":false},"excerpt":{"rendered":"<p>Fr\u00fchst\u00fccksbuffet Unbestritten, das Fr\u00fchst\u00fcck ist die wichtigste Mahlzeit am Tag. Daher legen wir grossen Wert auf ein reichhaltiges und ausgewogenes Fr\u00fchst\u00fccksbuffet. Die Produkte beziehen wir gr\u00f6sstenteils von unseren bekannten und lokalen Lieferanten. Unser Fr\u00fchst\u00fcck servieren wir Dir in unserem Restaurant im ersten Stock.&nbsp; Im Winter ab 07:30 Uhr bis 10:30 ist das Buffet f\u00fcr dich [&hellip;]<\/p>\n","protected":false},"author":9,"featured_media":0,"parent":0,"menu_order":0,"comment_status":"closed","ping_status":"closed","template":"","meta":{"_acf_changed":false,"site-sidebar-layout":"no-sidebar","site-content-layout":"page-builder","ast-site-content-layout":"default","site-content-style":"default","site-sidebar-style":"default","ast-global-header-display":"","ast-banner-title-visibility":"","ast-main-header-display":"","ast-hfb-above-header-display":"","ast-hfb-below-header-display":"","ast-hfb-mobile-header-display":"","site-post-title":"disabled","ast-breadcrumbs-content":"","ast-featured-img":"disabled","footer-sml-layout":"","ast-disable-related-posts":"","theme-transparent-header-meta":"default","adv-header-id-meta":"","stick-header-meta":"","header-above-stick-meta":"","header-main-stick-meta":"","header-below-stick-meta":"","astra-migrate-meta-layouts":"default","ast-page-background-enabled":"default","ast-page-background-meta":{"desktop":{"background-color":"","background-image":"","background-repeat":"repeat","background-position":"center center","background-size":"auto","background-attachment":"scroll","background-type":"","background-media":"","overlay-type":"","overlay-color":"","overlay-opacity":"","overlay-gradient":""},"tablet":{"background-color":"","background-image":"","background-repeat":"repeat","background-position":"center center","background-size":"auto","background-attachment":"scroll","background-type":"","background-media":"","overlay-type":"","overlay-color":"","overlay-opacity":"","overlay-gradient":""},"mobile":{"background-color":"","background-image":"","background-repeat":"repeat","background-position":"center center","background-size":"auto","background-attachment":"scroll","background-type":"","background-media":"","overlay-type":"","overlay-color":"","overlay-opacity":"","overlay-gradient":""}},"ast-content-background-meta":{"desktop":{"background-color":"var(--ast-global-color-5)","background-image":"","background-repeat":"repeat","background-position":"center center","background-size":"auto","background-attachment":"scroll","background-type":"","background-media":"","overlay-type":"","overlay-color":"","overlay-opacity":"","overlay-gradient":""},"tablet":{"background-color":"var(--ast-global-color-5)","background-image":"","background-repeat":"repeat","background-position":"center center","background-size":"auto","background-attachment":"scroll","background-type":"","background-media":"","overlay-type":"","overlay-color":"","overlay-opacity":"","overlay-gradient":""},"mobile":{"background-color":"var(--ast-global-color-5)","background-image":"","background-repeat":"repeat","background-position":"center center","background-size":"auto","background-attachment":"scroll","background-type":"","background-media":"","overlay-type":"","overlay-color":"","overlay-opacity":"","overlay-gradient":""}},"footnotes":""},"class_list":["post-2890","page","type-page","status-publish","hentry"],"acf":[],"yoast_head":"<!-- This site is optimized with the Yoast SEO plugin v27.1.1 - https:\/\/yoast.com\/product\/yoast-seo-wordpress\/ -->\n<title>Fr\u00fchst\u00fcck - Hotel Christiania<\/title>\n<meta name=\"description\" content=\"Fr\u00fchst\u00fcck ist unbestritten die wichtigste Mahlzeit des Tages. Desshalb legen wir grossen Wert drauf.\" \/>\n<meta name=\"robots\" content=\"index, follow, max-snippet:-1, max-image-preview:large, max-video-preview:-1\" \/>\n<link rel=\"canonical\" href=\"https:\/\/hotelchristiania.ch\/zh\/fruehstueck\/\" \/>\n<meta property=\"og:locale\" content=\"zh_CN\" \/>\n<meta property=\"og:type\" content=\"article\" \/>\n<meta property=\"og:title\" content=\"Fr\u00fchst\u00fcck - Hotel Christiania\" \/>\n<meta property=\"og:description\" content=\"Fr\u00fchst\u00fcck ist unbestritten die wichtigste Mahlzeit des Tages. Desshalb legen wir grossen Wert drauf.\" \/>\n<meta property=\"og:url\" content=\"https:\/\/hotelchristiania.ch\/zh\/fruehstueck\/\" \/>\n<meta property=\"og:site_name\" content=\"Hotel Christiania\" \/>\n<meta property=\"article:modified_time\" content=\"2023-11-22T12:57:39+00:00\" \/>\n<meta name=\"twitter:card\" content=\"summary_large_image\" \/>\n<meta name=\"twitter:label1\" content=\"\u9884\u8ba1\u9605\u8bfb\u65f6\u95f4\" \/>\n\t<meta name=\"twitter:data1\" content=\"2 \u5206\" \/>\n<script type=\"application\/ld+json\" class=\"yoast-schema-graph\">{\"@context\":\"https:\/\/schema.org\",\"@graph\":[{\"@type\":\"WebPage\",\"@id\":\"https:\/\/hotelchristiania.ch\/fruehstueck\/\",\"url\":\"https:\/\/hotelchristiania.ch\/fruehstueck\/\",\"name\":\"Fr\u00fchst\u00fcck - Hotel Christiania\",\"isPartOf\":{\"@id\":\"https:\/\/hotelchristiania.ch\/#website\"},\"datePublished\":\"2021-12-15T15:39:33+00:00\",\"dateModified\":\"2023-11-22T12:57:39+00:00\",\"description\":\"Fr\u00fchst\u00fcck ist unbestritten die wichtigste Mahlzeit des Tages. Desshalb legen wir grossen Wert drauf.\",\"breadcrumb\":{\"@id\":\"https:\/\/hotelchristiania.ch\/fruehstueck\/#breadcrumb\"},\"inLanguage\":\"zh-Hans\",\"potentialAction\":[{\"@type\":\"ReadAction\",\"target\":[\"https:\/\/hotelchristiania.ch\/fruehstueck\/\"]}]},{\"@type\":\"BreadcrumbList\",\"@id\":\"https:\/\/hotelchristiania.ch\/fruehstueck\/#breadcrumb\",\"itemListElement\":[{\"@type\":\"ListItem\",\"position\":1,\"name\":\"Home\",\"item\":\"https:\/\/hotelchristiania.ch\/\"},{\"@type\":\"ListItem\",\"position\":2,\"name\":\"Fr\u00fchst\u00fcck\"}]},{\"@type\":\"WebSite\",\"@id\":\"https:\/\/hotelchristiania.ch\/#website\",\"url\":\"https:\/\/hotelchristiania.ch\/\",\"name\":\"Hotel Christiania\",\"description\":\"Saas-Fee\",\"publisher\":{\"@id\":\"https:\/\/hotelchristiania.ch\/#organization\"},\"potentialAction\":[{\"@type\":\"SearchAction\",\"target\":{\"@type\":\"EntryPoint\",\"urlTemplate\":\"https:\/\/hotelchristiania.ch\/?s={search_term_string}\"},\"query-input\":{\"@type\":\"PropertyValueSpecification\",\"valueRequired\":true,\"valueName\":\"search_term_string\"}}],\"inLanguage\":\"zh-Hans\"},{\"@type\":\"Organization\",\"@id\":\"https:\/\/hotelchristiania.ch\/#organization\",\"name\":\"Hotel Christiania\",\"url\":\"https:\/\/hotelchristiania.ch\/\",\"logo\":{\"@type\":\"ImageObject\",\"inLanguage\":\"zh-Hans\",\"@id\":\"https:\/\/hotelchristiania.ch\/#\/schema\/logo\/image\/\",\"url\":\"https:\/\/hotelchristiania.ch\/wp-content\/uploads\/2021\/05\/Mittelallalin-April-\u00a9SaastalTourismusAG-AmarcsterMedia-scaled.jpg\",\"contentUrl\":\"https:\/\/hotelchristiania.ch\/wp-content\/uploads\/2021\/05\/Mittelallalin-April-\u00a9SaastalTourismusAG-AmarcsterMedia-scaled.jpg\",\"width\":2560,\"height\":1707,\"caption\":\"Hotel Christiania\"},\"image\":{\"@id\":\"https:\/\/hotelchristiania.ch\/#\/schema\/logo\/image\/\"}}]}<\/script>\n<!-- \/ Yoast SEO plugin. -->","yoast_head_json":{"title":"Fr\u00fchst\u00fcck - Hotel Christiania","description":"Fr\u00fchst\u00fcck ist unbestritten die wichtigste Mahlzeit des Tages. Desshalb legen wir grossen Wert drauf.","robots":{"index":"index","follow":"follow","max-snippet":"max-snippet:-1","max-image-preview":"max-image-preview:large","max-video-preview":"max-video-preview:-1"},"canonical":"https:\/\/hotelchristiania.ch\/zh\/fruehstueck\/","og_locale":"zh_CN","og_type":"article","og_title":"Fr\u00fchst\u00fcck - Hotel Christiania","og_description":"Fr\u00fchst\u00fcck ist unbestritten die wichtigste Mahlzeit des Tages. Desshalb legen wir grossen Wert drauf.","og_url":"https:\/\/hotelchristiania.ch\/zh\/fruehstueck\/","og_site_name":"Hotel Christiania","article_modified_time":"2023-11-22T12:57:39+00:00","twitter_card":"summary_large_image","twitter_misc":{"\u9884\u8ba1\u9605\u8bfb\u65f6\u95f4":"2 \u5206"},"schema":{"@context":"https:\/\/schema.org","@graph":[{"@type":"WebPage","@id":"https:\/\/hotelchristiania.ch\/fruehstueck\/","url":"https:\/\/hotelchristiania.ch\/fruehstueck\/","name":"Fr\u00fchst\u00fcck - Hotel Christiania","isPartOf":{"@id":"https:\/\/hotelchristiania.ch\/#website"},"datePublished":"2021-12-15T15:39:33+00:00","dateModified":"2023-11-22T12:57:39+00:00","description":"Fr\u00fchst\u00fcck ist unbestritten die wichtigste Mahlzeit des Tages. Desshalb legen wir grossen Wert drauf.","breadcrumb":{"@id":"https:\/\/hotelchristiania.ch\/fruehstueck\/#breadcrumb"},"inLanguage":"zh-Hans","potentialAction":[{"@type":"ReadAction","target":["https:\/\/hotelchristiania.ch\/fruehstueck\/"]}]},{"@type":"BreadcrumbList","@id":"https:\/\/hotelchristiania.ch\/fruehstueck\/#breadcrumb","itemListElement":[{"@type":"ListItem","position":1,"name":"Home","item":"https:\/\/hotelchristiania.ch\/"},{"@type":"ListItem","position":2,"name":"Fr\u00fchst\u00fcck"}]},{"@type":"WebSite","@id":"https:\/\/hotelchristiania.ch\/#website","url":"https:\/\/hotelchristiania.ch\/","name":"\u514b\u91cc\u65af\u8482\u9152\u5e97","description":"Saas-Fee","publisher":{"@id":"https:\/\/hotelchristiania.ch\/#organization"},"potentialAction":[{"@type":"SearchAction","target":{"@type":"EntryPoint","urlTemplate":"https:\/\/hotelchristiania.ch\/?s={search_term_string}"},"query-input":{"@type":"PropertyValueSpecification","valueRequired":true,"valueName":"search_term_string"}}],"inLanguage":"zh-Hans"},{"@type":"Organization","@id":"https:\/\/hotelchristiania.ch\/#organization","name":"\u514b\u91cc\u65af\u8482\u9152\u5e97","url":"https:\/\/hotelchristiania.ch\/","logo":{"@type":"ImageObject","inLanguage":"zh-Hans","@id":"https:\/\/hotelchristiania.ch\/#\/schema\/logo\/image\/","url":"https:\/\/hotelchristiania.ch\/wp-content\/uploads\/2021\/05\/Mittelallalin-April-\u00a9SaastalTourismusAG-AmarcsterMedia-scaled.jpg","contentUrl":"https:\/\/hotelchristiania.ch\/wp-content\/uploads\/2021\/05\/Mittelallalin-April-\u00a9SaastalTourismusAG-AmarcsterMedia-scaled.jpg","width":2560,"height":1707,"caption":"Hotel Christiania"},"image":{"@id":"https:\/\/hotelchristiania.ch\/#\/schema\/logo\/image\/"}}]}},"_links":{"self":[{"href":"https:\/\/hotelchristiania.ch\/zh\/wp-json\/wp\/v2\/pages\/2890","targetHints":{"allow":["GET"]}}],"collection":[{"href":"https:\/\/hotelchristiania.ch\/zh\/wp-json\/wp\/v2\/pages"}],"about":[{"href":"https:\/\/hotelchristiania.ch\/zh\/wp-json\/wp\/v2\/types\/page"}],"author":[{"embeddable":true,"href":"https:\/\/hotelchristiania.ch\/zh\/wp-json\/wp\/v2\/users\/9"}],"replies":[{"embeddable":true,"href":"https:\/\/hotelchristiania.ch\/zh\/wp-json\/wp\/v2\/comments?post=2890"}],"version-history":[{"count":35,"href":"https:\/\/hotelchristiania.ch\/zh\/wp-json\/wp\/v2\/pages\/2890\/revisions"}],"predecessor-version":[{"id":4156,"href":"https:\/\/hotelchristiania.ch\/zh\/wp-json\/wp\/v2\/pages\/2890\/revisions\/4156"}],"wp:attachment":[{"href":"https:\/\/hotelchristiania.ch\/zh\/wp-json\/wp\/v2\/media?parent=2890"}],"curies":[{"name":"wp","href":"https:\/\/api.w.org\/{rel}","templated":true}]}}